{"id":602,"date":"2023-12-20T15:29:12","date_gmt":"2023-12-20T15:29:12","guid":{"rendered":"https:\/\/brutalfm.net\/?page_id=602"},"modified":"2023-12-20T15:29:14","modified_gmt":"2023-12-20T15:29:14","slug":"luis-el-gallo-pide-a-presidente-abinader-ayudar-a-motoconchistas-reparte-bonos-navidenos-en-la-20-villa-juana","status":"publish","type":"page","link":"https:\/\/brutalfm.net\/index.php\/luis-el-gallo-pide-a-presidente-abinader-ayudar-a-motoconchistas-reparte-bonos-navidenos-en-la-20-villa-juana\/","title":{"rendered":"Luis \u201cEl Gallo\u201d pide a presidente Abinader ayudar a motoconchistas; reparte Bonos Navide\u00f1os en La 20, Villa Juana"},"content":{"rendered":"\n<figure class=\"wp-block-video\"><video controls src=\"https:\/\/maravillafm.com\/wp-content\/uploads\/2023\/12\/WhatsApp-Video-2023-12-20-at-9.25.33-AM.mp4\"><\/video><\/figure>\n\n\n\n<p>El presidente de la Uni\u00f3n Dem\u00f3crata Cristiana \u2013UDC-, Luis Acosta Moreta, Luis \u201cEl Gallo\u201d, pidi\u00f3 hoy al presidente Luis Abinader que disponga ayuda y asistencia social para mejorar las condiciones de vida de los motoconchistas, que realizan un esforzado trabajo sin caer en la delincuencia.<\/p>\n\n\n\n<p>Luis \u201cEl Gallo\u201d, en encuentros con motoconchistas en sus paradas de Santo Domingo Norte, afirm\u00f3 que la sensibilidad social del presidente Abinader llegar\u00e1 hasta ellos, que encima de un motor transportan a los dominicanos de a pie, y consiguen honradamente el pan de sus familias.<\/p>\n\n\n\n<p>Exhort\u00f3 a los agentes de polic\u00eda a tratar con cortes\u00eda a los motoconchistas, y que dejen de verlos o tratarlos como delincuentes, al mismo tiempo exhort\u00f3 a los transportistas a respetar las leyes de tr\u00e1nsito, tener cortes\u00eda con sus pasajeros y hacer su trabajo con responsabilidad.<\/p>\n\n\n\n<p>Luis \u201cEl Gallo\u201d entreg\u00f3 Bonos Navide\u00f1os a los motoconchistas, y en cada parada llev\u00f3 la alegr\u00eda del Aguinaldo Navide\u00f1o, con la m\u00fasica tradicional de la temporada, interpretada por la Banda Imperial, y la danza del Batton Batlle. Tambi\u00e9n se brindaron dulces navide\u00f1os, jengibre y caf\u00e9.<\/p>\n\n\n\n<p>Al recibir los Bonos Navide\u00f1os, los motoconchistas agradecieron al presidente Luis Abinader y a Luis \u201cEl Gallo\u201d por tomarlos en cuenta, y destacaron la ayuda que se les da para que tengan una feliz navidad en compa\u00f1\u00eda de sus familias.<\/p>\n\n\n\n<p>El Aguinaldo Navide\u00f1o de Luis \u201cEl Gallo\u201d tambi\u00e9n lleg\u00f3 al sector La 20 de Villa Juana, donde en muestra de alegr\u00eda y solidaridad los trabajadores de mec\u00e1nica abandonaron \u201clos hierros\u201d para bailar al comp\u00e1s de la Banda Imperial.<\/p>\n\n\n\n<p>Con los mec\u00e1nicos y personal de tiendas de repuestos recibiendo sus Bonos Navide\u00f1os en La 20, Luis \u201cEl Gallo\u201d dijo que por disposici\u00f3n del presidente Abinader le estaba entregando este presente navide\u00f1o, como una muestra de que los pobres no est\u00e1n desamparados.<\/p>\n\n\n\n<p>Tambi\u00e9n Luis \u201cEl Gallo\u201d, en La Nueva Barquita, se reuni\u00f3 con el padre Gregorio Alegr\u00eda y los dirigentes comunitarios de la zona. Dijo que el presidente Abinader est\u00e1 atento a los problemas y necesidades de los moradores de ese sector, por lo que siempre podr\u00e1n contar con la asistencia de la mano amiga del gobierno.<\/p>\n\n\n\n<figure class=\"wp-container-2 wp-block-gallery-1 wp-block-gallery has-nested-images columns-default is-cropped\">\n<figure class=\"wp-block-image size-large\"><img loading=\"lazy\" width=\"1024\" height=\"576\" data-id=\"605\"  src=\"https:\/\/brutalfm.net\/wp-content\/uploads\/2023\/12\/WhatsApp-Image-2023-12-20-at-9.24.39-AM-1-1024x576.jpeg\" alt=\"\" class=\"wp-image-605\" srcset=\"https:\/\/brutalfm.net\/wp-content\/uploads\/2023\/12\/WhatsApp-Image-2023-12-20-at-9.24.39-AM-1-1024x576.jpeg 1024w, https:\/\/brutalfm.net\/wp-content\/uploads\/2023\/12\/WhatsApp-Image-2023-12-20-at-9.24.39-AM-1-300x169.jpeg 300w, https:\/\/brutalfm.net\/wp-content\/uploads\/2023\/12\/WhatsApp-Image-2023-12-20-at-9.24.39-AM-1-768x432.jpeg 768w, https:\/\/brutalfm.net\/wp-content\/uploads\/2023\/12\/WhatsApp-Image-2023-12-20-at-9.24.39-AM-1-1536x864.jpeg 1536w, https:\/\/brutalfm.net\/wp-content\/uploads\/2023\/12\/WhatsApp-Image-2023-12-20-at-9.24.39-AM-1.jpeg 1599w\" sizes=\"(max-width: 1024px) 100vw, 1024px\" \/><\/figure>\n\n\n\n<figure class=\"wp-block-image size-large\"><img loading=\"lazy\" width=\"1024\" height=\"576\" data-id=\"603\"  src=\"https:\/\/brutalfm.net\/wp-content\/uploads\/2023\/12\/WhatsApp-Image-2023-12-20-at-9.24.39-AM-2-1024x576.jpeg\" alt=\"\" class=\"wp-image-603\" srcset=\"https:\/\/brutalfm.net\/wp-content\/uploads\/2023\/12\/WhatsApp-Image-2023-12-20-at-9.24.39-AM-2-1024x576.jpeg 1024w, https:\/\/brutalfm.net\/wp-content\/uploads\/2023\/12\/WhatsApp-Image-2023-12-20-at-9.24.39-AM-2-300x169.jpeg 300w, https:\/\/brutalfm.net\/wp-content\/uploads\/2023\/12\/WhatsApp-Image-2023-12-20-at-9.24.39-AM-2-768x432.jpeg 768w, https:\/\/brutalfm.net\/wp-content\/uploads\/2023\/12\/WhatsApp-Image-2023-12-20-at-9.24.39-AM-2-1536x864.jpeg 1536w, https:\/\/brutalfm.net\/wp-content\/uploads\/2023\/12\/WhatsApp-Image-2023-12-20-at-9.24.39-AM-2.jpeg 1599w\" sizes=\"(max-width: 1024px) 100vw, 1024px\" \/><\/figure>\n\n\n\n<figure class=\"wp-block-image size-large\"><img loading=\"lazy\" width=\"1024\" height=\"576\" data-id=\"607\"  src=\"https:\/\/brutalfm.net\/wp-content\/uploads\/2023\/12\/WhatsApp-Image-2023-12-20-at-9.24.39-AM-3-1024x576.jpeg\" alt=\"\" class=\"wp-image-607\" srcset=\"https:\/\/brutalfm.net\/wp-content\/uploads\/2023\/12\/WhatsApp-Image-2023-12-20-at-9.24.39-AM-3-1024x576.jpeg 1024w, https:\/\/brutalfm.net\/wp-content\/uploads\/2023\/12\/WhatsApp-Image-2023-12-20-at-9.24.39-AM-3-300x169.jpeg 300w, https:\/\/brutalfm.net\/wp-content\/uploads\/2023\/12\/WhatsApp-Image-2023-12-20-at-9.24.39-AM-3-768x432.jpeg 768w, https:\/\/brutalfm.net\/wp-content\/uploads\/2023\/12\/WhatsApp-Image-2023-12-20-at-9.24.39-AM-3-1536x864.jpeg 1536w, https:\/\/brutalfm.net\/wp-content\/uploads\/2023\/12\/WhatsApp-Image-2023-12-20-at-9.24.39-AM-3.jpeg 1599w\" sizes=\"(max-width: 1024px) 100vw, 1024px\" \/><\/figure>\n\n\n\n<figure class=\"wp-block-image\"><img\/><\/figure>\n\n\n\n<figure class=\"wp-block-image size-large\"><img loading=\"lazy\" width=\"1024\" height=\"484\" data-id=\"606\"  src=\"https:\/\/brutalfm.net\/wp-content\/uploads\/2023\/12\/WhatsApp-Image-2023-12-20-at-9.24.40-AM-1-1024x484.jpeg\" alt=\"\" class=\"wp-image-606\" srcset=\"https:\/\/brutalfm.net\/wp-content\/uploads\/2023\/12\/WhatsApp-Image-2023-12-20-at-9.24.40-AM-1-1024x484.jpeg 1024w, https:\/\/brutalfm.net\/wp-content\/uploads\/2023\/12\/WhatsApp-Image-2023-12-20-at-9.24.40-AM-1-300x142.jpeg 300w, https:\/\/brutalfm.net\/wp-content\/uploads\/2023\/12\/WhatsApp-Image-2023-12-20-at-9.24.40-AM-1-768x363.jpeg 768w, https:\/\/brutalfm.net\/wp-content\/uploads\/2023\/12\/WhatsApp-Image-2023-12-20-at-9.24.40-AM-1.jpeg 1280w\" sizes=\"(max-width: 1024px) 100vw, 1024px\" \/><\/figure>\n\n\n\n<figure class=\"wp-block-image size-large\"><img loading=\"lazy\" width=\"1024\" height=\"576\" data-id=\"608\"  src=\"https:\/\/brutalfm.net\/wp-content\/uploads\/2023\/12\/WhatsApp-Image-2023-12-20-at-9.24.40-AM-1024x576.jpeg\" alt=\"\" class=\"wp-image-608\" srcset=\"https:\/\/brutalfm.net\/wp-content\/uploads\/2023\/12\/WhatsApp-Image-2023-12-20-at-9.24.40-AM-1024x576.jpeg 1024w, https:\/\/brutalfm.net\/wp-content\/uploads\/2023\/12\/WhatsApp-Image-2023-12-20-at-9.24.40-AM-300x169.jpeg 300w, https:\/\/brutalfm.net\/wp-content\/uploads\/2023\/12\/WhatsApp-Image-2023-12-20-at-9.24.40-AM-768x432.jpeg 768w, https:\/\/brutalfm.net\/wp-content\/uploads\/2023\/12\/WhatsApp-Image-2023-12-20-at-9.24.40-AM-1536x864.jpeg 1536w, https:\/\/brutalfm.net\/wp-content\/uploads\/2023\/12\/WhatsApp-Image-2023-12-20-at-9.24.40-AM.jpeg 1599w\" sizes=\"(max-width: 1024px) 100vw, 1024px\" \/><\/figure>\n<\/figure>\n","protected":false},"excerpt":{"rendered":"<p>El presidente de la Uni\u00f3n Dem\u00f3crata Cristiana \u2013UDC-, Luis Acosta Moreta, Luis \u201cEl Gallo\u201d, pidi\u00f3 hoy al presidente Luis Abinader que disponga ayuda y asistencia social para mejorar las condiciones de vida de los motoconchistas, que realizan un esforzado trabajo sin caer en la delincuencia. Luis \u201cEl Gallo\u201d, en encuentros con motoconchistas en sus paradas &hellip;<\/p>\n","protected":false},"author":1,"featured_media":0,"parent":0,"menu_order":0,"comment_status":"closed","ping_status":"closed","template":"","meta":[],"_links":{"self":[{"href":"https:\/\/brutalfm.net\/index.php\/wp-json\/wp\/v2\/pages\/602"}],"collection":[{"href":"https:\/\/brutalfm.net\/index.php\/wp-json\/wp\/v2\/pages"}],"about":[{"href":"https:\/\/brutalfm.net\/index.php\/wp-json\/wp\/v2\/types\/page"}],"author":[{"embeddable":true,"href":"https:\/\/brutalfm.net\/index.php\/wp-json\/wp\/v2\/users\/1"}],"replies":[{"embeddable":true,"href":"https:\/\/brutalfm.net\/index.php\/wp-json\/wp\/v2\/comments?post=602"}],"version-history":[{"count":1,"href":"https:\/\/brutalfm.net\/index.php\/wp-json\/wp\/v2\/pages\/602\/revisions"}],"predecessor-version":[{"id":609,"href":"https:\/\/brutalfm.net\/index.php\/wp-json\/wp\/v2\/pages\/602\/revisions\/609"}],"wp:attachment":[{"href":"https:\/\/brutalfm.net\/index.php\/wp-json\/wp\/v2\/media?parent=602"}],"curies":[{"name":"wp","href":"https:\/\/api.w.org\/{rel}","templated":true}]}}