{"id":610,"date":"2023-12-23T13:33:42","date_gmt":"2023-12-23T13:33:42","guid":{"rendered":"https:\/\/brutalfm.net\/?page_id=610"},"modified":"2023-12-23T13:33:43","modified_gmt":"2023-12-23T13:33:43","slug":"luis-el-gallo-lleva-su-aguinaldo-al-hospital-padre-billini-desfila-por-la-calle-el-conde-y-pone-a-bailar-en-el-parque-colon","status":"publish","type":"page","link":"https:\/\/brutalfm.net\/index.php\/luis-el-gallo-lleva-su-aguinaldo-al-hospital-padre-billini-desfila-por-la-calle-el-conde-y-pone-a-bailar-en-el-parque-colon\/","title":{"rendered":"Luis \u201cEl Gallo\u201d lleva su aguinaldo al hospital Padre Billini, desfila por la Calle El Conde y pone a bailar   en el parque Col\u00f3n"},"content":{"rendered":"\n<figure class=\"wp-block-embed is-type-video is-provider-youtube wp-block-embed-youtube wp-embed-aspect-16-9 wp-has-aspect-ratio\"><div class=\"wp-block-embed__wrapper\">\n<iframe loading=\"lazy\" title=\"Luis \u201cEl Gallo\u201d lleva su aguinaldo al hospital Padre Billini, desfila por la Calle\" width=\"618\" height=\"348\" src=\"https:\/\/www.youtube.com\/embed\/JVqq1r2kWqM?feature=oembed\" frameborder=\"0\" allow=\"accelerometer; autoplay; clipboard-write; encrypted-media; gyroscope; picture-in-picture; web-share\" allowfullscreen><\/iframe>\n<\/div><\/figure>\n\n\n\n<p>Luis Acosta Moreta y la Uni\u00f3n dem\u00f3crata Cristiana \u2013UDC- llevaron la alegr\u00eda navide\u00f1a al parque Col\u00f3n, realizaron un desfile por la calle El Conde y tuvieron un encuentro con los enfermos, personal administrativo y m\u00e9dicos del hospital Padre Billini.<\/p>\n\n\n\n<p>Como ha sido su tradici\u00f3n en los \u00faltimos a\u00f1os, Luis \u201cEl Gallo\u201d comparti\u00f3 con el personal y los internos del centro asistencial de Ciudad Nueva, a los que entreg\u00f3 Bonos Navide\u00f1os, fundas conteniendo alimentos, y brind\u00f3 con jengibre, caf\u00e9 y dulces de ocasi\u00f3n.<\/p>\n\n\n\n<p>Luis \u201cEl Gallo\u201d pidi\u00f3 al ministro de Salud P\u00fablica que mantenga plenamente funcionando todos los servicios del hospital de la calle Santom\u00e9, el cual fue remodelado reciente a un costo millonario.<\/p>\n\n\n\n<p>Puso especial \u00e9nfasis en la Unidad de Di\u00e1lisis, Erick Baez Ort\u00edz,donde convers\u00f3 con los enfermos, escuchando sus inquietudes y su deseo de mejorar.<\/p>\n\n\n\n<p>Sergio Antonio Roque Cruz, director del Hospital Padre Billini. ponder\u00f3 las atenciones de Luis \u201cEl Gallo\u201d al llevar los aguinaldos al centro asistencial. El encuentro fue coordinado por la UDC, la Mesa Redonda Panamericana y la Pastoral de la Salud de la Arquidi\u00f3cesis de Santo Domingo, dirigida por Sor Trinidad Ayala Adam\u00e9s<\/p>\n\n\n\n<p>Como siempre estuvo presente la Banda Imperial y el Batton Batle de la UDC, llevando alegr\u00eda a los enfermos, respetando siempre las recomendaciones y las observaciones del personal m\u00e9dico que los atienden.<\/p>\n\n\n\n<p>Luis \u201cEl Gallo\u201d tambi\u00e9n llev\u00f3 regocijo a los visitantes del Parque Col\u00f3n donde se entonaron los villancicos navide\u00f1os, que fueron bailados y aplaudidos por dominicanos y turistas extranjeros.<\/p>\n\n\n\n<p>Al hablar en el parque Colon, Luis \u201cEl Gallo\u201d dijo que estas tienen que ser una de las navidades m\u00e1s alegres de los dominicanos, porque estamos luchando para que todos tengan su cena navide\u00f1a y los juguetes de sus hijos.<\/p>\n\n\n\n<p>La caravana luego tom\u00f3 la calle El Conde Peatonal hasta la esquina Santom\u00e9, rumbo al hospital Padre Billini. En cada cuadra de la emblem\u00e1tica calle de Ciudad Nueva el aguinaldo navide\u00f1o era saludado por los peatones, los empleados de las tiendas, los buhoneros y personal de seguridad.<\/p>\n\n\n\n<p>Luis \u201cEl Gallo\u201d reparti\u00f3 Bonos Navide\u00f1os entre las personas que, como siempre, visitan la calle El Conde, en plan de compra y para adquirir art\u00edculos diversos.<\/p>\n","protected":false},"excerpt":{"rendered":"<p>Luis Acosta Moreta y la Uni\u00f3n dem\u00f3crata Cristiana \u2013UDC- llevaron la alegr\u00eda navide\u00f1a al parque Col\u00f3n, realizaron un desfile por la calle El Conde y tuvieron un encuentro con los enfermos, personal administrativo y m\u00e9dicos del hospital Padre Billini. Como ha sido su tradici\u00f3n en los \u00faltimos a\u00f1os, Luis \u201cEl Gallo\u201d comparti\u00f3 con el personal &hellip;<\/p>\n","protected":false},"author":1,"featured_media":0,"parent":0,"menu_order":0,"comment_status":"closed","ping_status":"closed","template":"","meta":[],"_links":{"self":[{"href":"https:\/\/brutalfm.net\/index.php\/wp-json\/wp\/v2\/pages\/610"}],"collection":[{"href":"https:\/\/brutalfm.net\/index.php\/wp-json\/wp\/v2\/pages"}],"about":[{"href":"https:\/\/brutalfm.net\/index.php\/wp-json\/wp\/v2\/types\/page"}],"author":[{"embeddable":true,"href":"https:\/\/brutalfm.net\/index.php\/wp-json\/wp\/v2\/users\/1"}],"replies":[{"embeddable":true,"href":"https:\/\/brutalfm.net\/index.php\/wp-json\/wp\/v2\/comments?post=610"}],"version-history":[{"count":1,"href":"https:\/\/brutalfm.net\/index.php\/wp-json\/wp\/v2\/pages\/610\/revisions"}],"predecessor-version":[{"id":611,"href":"https:\/\/brutalfm.net\/index.php\/wp-json\/wp\/v2\/pages\/610\/revisions\/611"}],"wp:attachment":[{"href":"https:\/\/brutalfm.net\/index.php\/wp-json\/wp\/v2\/media?parent=610"}],"curies":[{"name":"wp","href":"https:\/\/api.w.org\/{rel}","templated":true}]}}